{"id":156,"date":"2018-12-13T13:51:05","date_gmt":"2018-12-13T12:51:05","guid":{"rendered":"http:\/\/www.mac123.net\/natureauxpattes\/?page_id=156"},"modified":"2024-05-22T05:50:03","modified_gmt":"2024-05-22T04:50:03","slug":"tarifs","status":"publish","type":"page","link":"http:\/\/www.mac123.net\/natureauxpattes\/?page_id=156","title":{"rendered":"Tarifs"},"content":{"rendered":"<p>En tant que faiseur de secret (couper le feu, couper les h\u00e9morragie ou pour les migraines), je demande rien du tout. Un don est appr\u00e9ci\u00e9.<\/p>\n<p>Pour ce qui est de la reconnexion la s\u00e9ance est \u00e0 111.-\u00a0 prix officiel.<\/p>\n<p>Pour ce qui est de la communication animale, je demande 75.- la s\u00e9ance de communication animale.<\/p>\n<p>Pour le nettoyage des lieux cela peut aller de 99.- \u00e0 300.-.<\/p>\n<p>99.- pour un simple nettoyage des m\u00e9moire des pierres, de la maison, du sol, du jardin. suppression d&rsquo;entit\u00e9 sombre et exorcisme.<\/p>\n<p>300.- si je dois nettoyer un village ou une r\u00e9gion.<\/p>\n<p>&nbsp;<\/p>\n","protected":false},"excerpt":{"rendered":"<p>En tant que faiseur de secret (couper le feu, couper les h\u00e9morragie ou pour les migraines), je demande rien du tout. Un don est appr\u00e9ci\u00e9. Pour ce qui est de la reconnexion la s\u00e9ance est \u00e0 111.-\u00a0 prix officiel. Pour ce qui est de la communication animale, je demande 75.- la s\u00e9ance de communication animale. &hellip; <a href=\"http:\/\/www.mac123.net\/natureauxpattes\/?page_id=156\" class=\"more-link\">Continuer la lecture de <span class=\"screen-reader-text\">Tarifs<\/span> <span class=\"meta-nav\">&rarr;<\/span><\/a><\/p>\n","protected":false},"author":1,"featured_media":0,"parent":0,"menu_order":4,"comment_status":"closed","ping_status":"closed","template":"","meta":{"footnotes":""},"class_list":["post-156","page","type-page","status-publish","hentry"],"_links":{"self":[{"href":"http:\/\/www.mac123.net\/natureauxpattes\/index.php?rest_route=\/wp\/v2\/pages\/156","targetHints":{"allow":["GET"]}}],"collection":[{"href":"http:\/\/www.mac123.net\/natureauxpattes\/index.php?rest_route=\/wp\/v2\/pages"}],"about":[{"href":"http:\/\/www.mac123.net\/natureauxpattes\/index.php?rest_route=\/wp\/v2\/types\/page"}],"author":[{"embeddable":true,"href":"http:\/\/www.mac123.net\/natureauxpattes\/index.php?rest_route=\/wp\/v2\/users\/1"}],"replies":[{"embeddable":true,"href":"http:\/\/www.mac123.net\/natureauxpattes\/index.php?rest_route=%2Fwp%2Fv2%2Fcomments&post=156"}],"version-history":[{"count":7,"href":"http:\/\/www.mac123.net\/natureauxpattes\/index.php?rest_route=\/wp\/v2\/pages\/156\/revisions"}],"predecessor-version":[{"id":281,"href":"http:\/\/www.mac123.net\/natureauxpattes\/index.php?rest_route=\/wp\/v2\/pages\/156\/revisions\/281"}],"wp:attachment":[{"href":"http:\/\/www.mac123.net\/natureauxpattes\/index.php?rest_route=%2Fwp%2Fv2%2Fmedia&parent=156"}],"curies":[{"name":"wp","href":"https:\/\/api.w.org\/{rel}","templated":true}]}}