{"id":17,"date":"2014-01-29T00:35:34","date_gmt":"2014-01-28T23:35:34","guid":{"rendered":"http:\/\/www.mac123.net\/natureauxpattes\/?page_id=17"},"modified":"2023-09-20T10:54:14","modified_gmt":"2023-09-20T09:54:14","slug":"soins","status":"publish","type":"page","link":"https:\/\/www.mac123.net\/natureauxpattes\/?page_id=17","title":{"rendered":"Soins"},"content":{"rendered":"<h3>Coupeur de feu<\/h3>\n<p>Coupe le feu et ses douleurs associ\u00e9es.<\/p>\n<h3>Faiseur de secret<\/h3>\n<p>Derri\u00e8re ce nom, j&rsquo;utilise des pri\u00e8res pour soigner les migraines, les h\u00e9morragies.<\/p>\n<h3>Naturopathie<\/h3>\n<div class=\"page\" title=\"Page 3\">\n<div class=\"section\">\n<div class=\"layoutArea\">\n<div class=\"column\">\n<p>La naturopathie est l\u2019art de rester en bonne sante\u0301, d\u2019e\u0302tre acteur de sa sante\u0301, et de prendre soin de soi par des moyens naturels<\/p>\n<\/div>\n<h3>PSiO<\/h3>\n<p>https:\/\/www.psiostore.com\/fr\/<\/p>\n<p>Venez tester le psio !<\/p>\n<\/div>\n<\/div>\n<\/div>\n","protected":false},"excerpt":{"rendered":"<p>Coupeur de feu Coupe le feu et ses douleurs associ\u00e9es. Faiseur de secret Derri\u00e8re ce nom, j&rsquo;utilise des pri\u00e8res pour soigner les migraines, les h\u00e9morragies. Naturopathie La naturopathie est l\u2019art de rester en bonne sante\u0301, d\u2019e\u0302tre acteur de sa sante\u0301, et de prendre soin de soi par des moyens naturels PSiO https:\/\/www.psiostore.com\/fr\/ Venez tester le &hellip; <a href=\"https:\/\/www.mac123.net\/natureauxpattes\/?page_id=17\" class=\"more-link\">Continuer la lecture de <span class=\"screen-reader-text\">Soins<\/span> <span class=\"meta-nav\">&rarr;<\/span><\/a><\/p>\n","protected":false},"author":1,"featured_media":0,"parent":0,"menu_order":3,"comment_status":"closed","ping_status":"open","template":"","meta":{"footnotes":""},"class_list":["post-17","page","type-page","status-publish","hentry"],"_links":{"self":[{"href":"https:\/\/www.mac123.net\/natureauxpattes\/index.php?rest_route=\/wp\/v2\/pages\/17","targetHints":{"allow":["GET"]}}],"collection":[{"href":"https:\/\/www.mac123.net\/natureauxpattes\/index.php?rest_route=\/wp\/v2\/pages"}],"about":[{"href":"https:\/\/www.mac123.net\/natureauxpattes\/index.php?rest_route=\/wp\/v2\/types\/page"}],"author":[{"embeddable":true,"href":"https:\/\/www.mac123.net\/natureauxpattes\/index.php?rest_route=\/wp\/v2\/users\/1"}],"replies":[{"embeddable":true,"href":"https:\/\/www.mac123.net\/natureauxpattes\/index.php?rest_route=%2Fwp%2Fv2%2Fcomments&post=17"}],"version-history":[{"count":16,"href":"https:\/\/www.mac123.net\/natureauxpattes\/index.php?rest_route=\/wp\/v2\/pages\/17\/revisions"}],"predecessor-version":[{"id":263,"href":"https:\/\/www.mac123.net\/natureauxpattes\/index.php?rest_route=\/wp\/v2\/pages\/17\/revisions\/263"}],"wp:attachment":[{"href":"https:\/\/www.mac123.net\/natureauxpattes\/index.php?rest_route=%2Fwp%2Fv2%2Fmedia&parent=17"}],"curies":[{"name":"wp","href":"https:\/\/api.w.org\/{rel}","templated":true}]}}