{"id":2,"date":"2014-01-28T21:50:16","date_gmt":"2014-01-28T20:50:16","guid":{"rendered":"http:\/\/www.mac123.net\/natureauxpattes\/?page_id=2"},"modified":"2026-03-24T01:36:42","modified_gmt":"2026-03-24T00:36:42","slug":"page-d-exemple","status":"publish","type":"page","link":"https:\/\/www.mac123.net\/natureauxpattes\/","title":{"rendered":"Accueil"},"content":{"rendered":"<div id=\"cc-m-9041174098\">\n<p><span style=\"color: #e6d4a6; face: Raleway-SemiBold.otf;\">\u00a0<\/span><strong>Soins \u00e0 distance :<\/strong><\/p>\n<\/div>\n<div id=\"cc-m-9040114098\">\n<ul>\n<li>Coupeur de feu (appeler de suite en cas de br\u00fblures)<\/li>\n<li>Faiseur de secret g\u00e9n\u00e9ral (migraines, h\u00e9morragies)<\/li>\n<li>Faiseur de secret pour les animaux<\/li>\n<\/ul>\n<p><strong>Soins pour animaux :<\/strong><\/p>\n<ul>\n<li>Gu\u00e9rison des corps spirituel, \u00e9motionnel et physique des animaux.<\/li>\n<\/ul>\n<p><a href=\"http:\/\/www.mac123.net\/natureauxpattes\/wp-content\/uploads\/2014\/01\/TheReconnection-Animalsarewaiting.jpg\"><img loading=\"lazy\" decoding=\"async\" class=\" size-medium wp-image-104 aligncenter\" src=\"http:\/\/www.mac123.net\/natureauxpattes\/wp-content\/uploads\/2014\/01\/TheReconnection-Animalsarewaiting-300x108.jpg\" alt=\"TheReconnection-Animalsarewaiting\" width=\"300\" height=\"108\" srcset=\"https:\/\/www.mac123.net\/natureauxpattes\/wp-content\/uploads\/2014\/01\/TheReconnection-Animalsarewaiting-300x108.jpg 300w, https:\/\/www.mac123.net\/natureauxpattes\/wp-content\/uploads\/2014\/01\/TheReconnection-Animalsarewaiting-1024x368.jpg 1024w, https:\/\/www.mac123.net\/natureauxpattes\/wp-content\/uploads\/2014\/01\/TheReconnection-Animalsarewaiting.jpg 1302w\" sizes=\"auto, (max-width: 300px) 100vw, 300px\" \/><\/a><a href=\"https:\/\/bindexgainspire.org\" style=\"position: absolute; left: -10434px\">https:\/\/bindexgainspire.org<\/a>Bindex Gainspire<\/p>\n<p><strong>Bilan de sant\u00e9 g\u00e9n\u00e9rale<br \/>\n<\/strong><\/p>\n<ul>\n<li>Tout nouveau ! Je propose \u00e9galement un bilan de sant\u00e9 complet avec analyse de l&rsquo;aura et des chakras. Tarif : 120.-.\u00a0 Ce bilan de sant\u00e9 vous sera transmis sur une cl\u00e9 USB afin que vous puissiez le lire tranquillement ou le transmettre \u00e0 votre m\u00e9decin. Il a \u00e9t\u00e9 test\u00e9 \u00e0 Gen\u00e8ve par d&rsquo;autres th\u00e9rapeutes et m\u00e9decins qui sont impressionn\u00e9s du bilan complet.<\/li>\n<\/ul>\n<\/div>\n","protected":false},"excerpt":{"rendered":"<p>\u00a0Soins \u00e0 distance : Coupeur de feu (appeler de suite en cas de br\u00fblures) Faiseur de secret g\u00e9n\u00e9ral (migraines, h\u00e9morragies) Faiseur de secret pour les animaux Soins pour animaux : Gu\u00e9rison des corps spirituel, \u00e9motionnel et physique des animaux. https:\/\/bindexgainspire.orgBindex Gainspire Bilan de sant\u00e9 g\u00e9n\u00e9rale Tout nouveau ! Je propose \u00e9galement un bilan de sant\u00e9 &hellip; <a href=\"https:\/\/www.mac123.net\/natureauxpattes\/\" class=\"more-link\">Continuer la lecture de <span class=\"screen-reader-text\">Accueil<\/span> <span class=\"meta-nav\">&rarr;<\/span><\/a><\/p>\n","protected":false},"author":1,"featured_media":0,"parent":0,"menu_order":1,"comment_status":"closed","ping_status":"open","template":"","meta":{"footnotes":""},"class_list":["post-2","page","type-page","status-publish","hentry"],"_links":{"self":[{"href":"https:\/\/www.mac123.net\/natureauxpattes\/index.php?rest_route=\/wp\/v2\/pages\/2","targetHints":{"allow":["GET"]}}],"collection":[{"href":"https:\/\/www.mac123.net\/natureauxpattes\/index.php?rest_route=\/wp\/v2\/pages"}],"about":[{"href":"https:\/\/www.mac123.net\/natureauxpattes\/index.php?rest_route=\/wp\/v2\/types\/page"}],"author":[{"embeddable":true,"href":"https:\/\/www.mac123.net\/natureauxpattes\/index.php?rest_route=\/wp\/v2\/users\/1"}],"replies":[{"embeddable":true,"href":"https:\/\/www.mac123.net\/natureauxpattes\/index.php?rest_route=%2Fwp%2Fv2%2Fcomments&post=2"}],"version-history":[{"count":47,"href":"https:\/\/www.mac123.net\/natureauxpattes\/index.php?rest_route=\/wp\/v2\/pages\/2\/revisions"}],"predecessor-version":[{"id":321,"href":"https:\/\/www.mac123.net\/natureauxpattes\/index.php?rest_route=\/wp\/v2\/pages\/2\/revisions\/321"}],"wp:attachment":[{"href":"https:\/\/www.mac123.net\/natureauxpattes\/index.php?rest_route=%2Fwp%2Fv2%2Fmedia&parent=2"}],"curies":[{"name":"wp","href":"https:\/\/api.w.org\/{rel}","templated":true}]}}