{"id":214,"date":"2020-10-08T09:20:06","date_gmt":"2020-10-08T08:20:06","guid":{"rendered":"http:\/\/www.mac123.net\/natureauxpattes\/?page_id=214"},"modified":"2024-02-02T13:29:24","modified_gmt":"2024-02-02T12:29:24","slug":"produits","status":"publish","type":"page","link":"https:\/\/www.mac123.net\/natureauxpattes\/?page_id=214","title":{"rendered":"Produits"},"content":{"rendered":"<h3>Produits de bien-\u00eatre :<\/h3>\n<p>Nouveaut\u00e9 europ\u00e9enne :<\/p>\n<p><a href=\"http:\/\/plange.superpatch.com\"><img loading=\"lazy\" decoding=\"async\" class=\"alignnone  wp-image-273\" src=\"http:\/\/www.mac123.net\/natureauxpattes\/wp-content\/uploads\/2024\/02\/superpatch-logo.png\" alt=\"\" width=\"508\" height=\"194\" \/><\/a><\/p>\n<p>4LIFE : Il faudrait manger 50 pommes pour avoir la m\u00eame quantit\u00e9 de vitamine C que dans une pomme des ann\u00e9es 1950 !<\/p>\n<p><a href=\"https:\/\/suisse.4life.com\/12059170\/\"><img decoding=\"async\" src=\"https:\/\/www.mac123.net\/natureauxpattes\/wp-content\/uploads\/2023\/02\/4Life_Independent-Affiliate_EUROPE-FR-pdf.jpg \" \/><\/a><\/p>\n<p><strong>Livlabsnow<\/strong> poss\u00e8de des produits exceptionnels et d&rsquo;une technologie r\u00e9volutionnaire totalement naturels fait exclusivement de produits biologiques et naturels.<\/p>\n<p><a href=\"http:\/\/lange.livlabsnow.com\"><img loading=\"lazy\" decoding=\"async\" class=\"alignnone size-full wp-image-224\" src=\"http:\/\/www.mac123.net\/natureauxpattes\/wp-content\/uploads\/2021\/10\/livlabs-fbpsd.jpg\" alt=\"\" width=\"945\" height=\"400\" srcset=\"https:\/\/www.mac123.net\/natureauxpattes\/wp-content\/uploads\/2021\/10\/livlabs-fbpsd.jpg 945w, https:\/\/www.mac123.net\/natureauxpattes\/wp-content\/uploads\/2021\/10\/livlabs-fbpsd-300x127.jpg 300w, https:\/\/www.mac123.net\/natureauxpattes\/wp-content\/uploads\/2021\/10\/livlabs-fbpsd-768x325.jpg 768w\" sizes=\"auto, (max-width: 945px) 100vw, 945px\" \/><\/a><\/p>\n<p>Fitline :<\/p>\n<p><a href=\"https:\/\/www.fitline.com\/fr\/ch?TP=40380321\"><img decoding=\"async\" src=\"https:\/\/www.fitline.com\/wp-content\/uploads\/2021\/04\/ActivizeSplash_wFruitsNoClaims.png\" \/><\/a><\/p>\n<p>Pet protector (protection contre les tiques et les puces pendant 4 ans)<\/p>\n<p><a href=\"https:\/\/www.petprotector.org\/businessopportunity?ID=92973\"><img decoding=\"async\" src=\"http:\/\/www.mac123.net\/natureauxpattes\/wp-content\/uploads\/2014\/01\/pet-protector-banner-fr.jpg\" alt=\"Pet Protector pour prot\u00e9ger votre animal de compagnie pendant 4 ans contre les puces, les tiques, les moustiques\" \/><\/a><\/p>\n","protected":false},"excerpt":{"rendered":"<p>Produits de bien-\u00eatre : Nouveaut\u00e9 europ\u00e9enne : 4LIFE : Il faudrait manger 50 pommes pour avoir la m\u00eame quantit\u00e9 de vitamine C que dans une pomme des ann\u00e9es 1950 ! Livlabsnow poss\u00e8de des produits exceptionnels et d&rsquo;une technologie r\u00e9volutionnaire totalement naturels fait exclusivement de produits biologiques et naturels. Fitline : Pet protector (protection contre les &hellip; <a href=\"https:\/\/www.mac123.net\/natureauxpattes\/?page_id=214\" class=\"more-link\">Continuer la lecture de <span class=\"screen-reader-text\">Produits<\/span> <span class=\"meta-nav\">&rarr;<\/span><\/a><\/p>\n","protected":false},"author":1,"featured_media":0,"parent":0,"menu_order":0,"comment_status":"closed","ping_status":"closed","template":"","meta":{"footnotes":""},"class_list":["post-214","page","type-page","status-publish","hentry"],"_links":{"self":[{"href":"https:\/\/www.mac123.net\/natureauxpattes\/index.php?rest_route=\/wp\/v2\/pages\/214","targetHints":{"allow":["GET"]}}],"collection":[{"href":"https:\/\/www.mac123.net\/natureauxpattes\/index.php?rest_route=\/wp\/v2\/pages"}],"about":[{"href":"https:\/\/www.mac123.net\/natureauxpattes\/index.php?rest_route=\/wp\/v2\/types\/page"}],"author":[{"embeddable":true,"href":"https:\/\/www.mac123.net\/natureauxpattes\/index.php?rest_route=\/wp\/v2\/users\/1"}],"replies":[{"embeddable":true,"href":"https:\/\/www.mac123.net\/natureauxpattes\/index.php?rest_route=%2Fwp%2Fv2%2Fcomments&post=214"}],"version-history":[{"count":13,"href":"https:\/\/www.mac123.net\/natureauxpattes\/index.php?rest_route=\/wp\/v2\/pages\/214\/revisions"}],"predecessor-version":[{"id":274,"href":"https:\/\/www.mac123.net\/natureauxpattes\/index.php?rest_route=\/wp\/v2\/pages\/214\/revisions\/274"}],"wp:attachment":[{"href":"https:\/\/www.mac123.net\/natureauxpattes\/index.php?rest_route=%2Fwp%2Fv2%2Fmedia&parent=214"}],"curies":[{"name":"wp","href":"https:\/\/api.w.org\/{rel}","templated":true}]}}